{"id":34,"date":"2023-07-11T11:10:24","date_gmt":"2023-07-11T09:10:24","guid":{"rendered":"http:\/\/cmd-kieler-konzept.de\/?page_id=34"},"modified":"2024-11-15T11:52:29","modified_gmt":"2024-11-15T10:52:29","slug":"impressum","status":"publish","type":"page","link":"https:\/\/cmd-kieler-konzept.de\/en\/impressum\/","title":{"rendered":"Impressum"},"content":{"rendered":"<p>[et_pb_section fb_built=&#8221;1&#8243; admin_label=&#8221;section&#8221; _builder_version=&#8221;4.16&#8243; _module_preset=&#8221;default&#8221; global_colors_info=&#8221;{}&#8221;][et_pb_row admin_label=&#8221;row&#8221; _builder_version=&#8221;4.16&#8243; _module_preset=&#8221;default&#8221; background_size=&#8221;initial&#8221; background_position=&#8221;top_left&#8221; background_repeat=&#8221;repeat&#8221; global_colors_info=&#8221;{}&#8221;][et_pb_column type=&#8221;4_4&#8243; _builder_version=&#8221;4.16&#8243; _module_preset=&#8221;default&#8221; custom_padding=&#8221;|||&#8221; global_colors_info=&#8221;{}&#8221; custom_padding__hover=&#8221;|||&#8221;][et_pb_text admin_label=&#8221;Text&#8221; _builder_version=&#8221;4.27.3&#8243; _module_preset=&#8221;default&#8221; background_size=&#8221;initial&#8221; background_position=&#8221;top_left&#8221; background_repeat=&#8221;repeat&#8221; hover_enabled=&#8221;0&#8243; global_colors_info=&#8221;{}&#8221; content_en_us=&#8221;<\/p>\n<h1><strong>Imprint:<\/strong><\/h1>\n<h2><strong>Information provided in accordance with Section 5 of the German Telemedia Act (TMG):<\/strong><\/h2>\n<p>Fischer\u2013Brandies<\/p>\n<p>Mittelweg 49, 20149 Hamburg, <a href=\u201cmailto:info@cmd-kieler-konzept.de\u201d>info@cmd-kieler-konzept.de<\/a><\/p>\n<p>Commercial register: Hamburg District Court<\/p>\n<p><strong>represented by:<\/strong> Prof. Dr. Helge Fischer-Brandies and Daniel Harms<\/p>\n<p>&nbsp;<\/p>\n<p>These websites are constantly being reviewed and updated. Nevertheless, information may have changed in the meantime. Therefore, no liability or guarantee can be given for the timeliness, correctness and completeness of the information provided.<\/p>\n<p>These websites or parts thereof may not be reproduced or processed, duplicated or distributed using electronic systems without written permission. All rights reserved.<\/p>\n<p>The following declaration applies to all links on these websites to websites of external providers (in accordance with the judgment of the Hamburg Regional Court of May 12, 1998):<\/p>\n<p><em>\u201cWe expressly declare that we have no influence on the design and content of linked websites of external providers. Therefore, we expressly distance ourselves from unlawful content. Websites of external providers will be deleted immediately as soon as we learn of the illegality of this linked website\u201d.<\/em>&#8221; sticky_enabled=&#8221;0&#8243;]<\/p>\n<h1><strong>Impressum:<\/strong><\/h1>\n<h2><strong>Angaben gem\u00e4\u00df \u00a7 5 TMG:<\/strong><\/h2>\n<p>Fischer\u2013Brandies<\/p>\n<p>Mittelweg 49, 20149 Hamburg, <a href=\"mailto:info@cmd-kieler-konzept.de\">info@cmd-kieler-konzept.de<\/a><\/p>\n<p>Handelsregister: \u00a0\u00a0Amtsgericht Hamburg<\/p>\n<p><strong>Vertreten durch:<\/strong> Prof. Dr. Helge Fischer-Brandies und Daniel Harms<\/p>\n<p>&nbsp;<\/p>\n<p>Diese Websites werden st\u00e4ndig \u00fcberpr\u00fcft und aktualisiert. Trotzdem k\u00f6nnen sich zwischenzeitlich Informationen ver\u00e4ndert haben. Daher kann keine Haftung oder Garantie f\u00fcr die Aktualit\u00e4t, Richtigkeit und Vollst\u00e4ndigkeit f\u00fcr die zur Verf\u00fcgung gestellten Informationen \u00fcbernommen werden.<\/p>\n<p>Diese Websites oder Teile davon d\u00fcrfen ohne schriftliche Genehmigung nicht reproduziert oder unter Verwendung elektronischer Systeme verarbeitet, vervielf\u00e4ltigt oder verbreitet werden. Alle Rechte vorbehalten.<\/p>\n<p>F\u00fcr s\u00e4mtliche auf diesen Websites angebrachten Links auf Websites externer Anbieter gilt die folgende Erkl\u00e4rung (gem\u00e4\u00df Urteil des Landgerichts Hamburg vom 12. Mai 1998):<\/p>\n<p><em>&#8220;Wir erkl\u00e4ren ausdr\u00fccklich, dass wir keinerlei Einfluss auf die Gestaltung und die Inhalte der gelinkten Websites externer Anbieter haben. Deshalb distanzieren wir uns ausdr\u00fccklich von unrechtm\u00e4\u00dfigen Inhalten. Websites zu einem externen Anbieter werden umgehend gel\u00f6scht sobald wir von der Unrechtm\u00e4\u00dfigkeit dieser verlinkten Website erfahren&#8221;.<\/em><\/p>\n<p>[\/et_pb_text][\/et_pb_column][\/et_pb_row][\/et_pb_section]<\/p>\n","protected":false},"excerpt":{"rendered":"<p>Impressum: Angaben gem\u00e4\u00df \u00a7 5 TMG: Fischer\u2013Brandies Mittelweg 49, 20149 Hamburg, info@cmd-kieler-konzept.de Handelsregister: \u00a0\u00a0Amtsgericht Hamburg Vertreten durch: Prof. Dr. Helge Fischer-Brandies und Daniel Harms &nbsp; Diese Websites werden st\u00e4ndig \u00fcberpr\u00fcft und aktualisiert. Trotzdem k\u00f6nnen sich zwischenzeitlich Informationen ver\u00e4ndert haben. Daher kann keine Haftung oder Garantie f\u00fcr die Aktualit\u00e4t, Richtigkeit und Vollst\u00e4ndigkeit f\u00fcr die zur Verf\u00fcgung [&hellip;]<\/p>\n","protected":false},"author":1,"featured_media":0,"parent":0,"menu_order":0,"comment_status":"closed","ping_status":"closed","template":"","meta":{"_et_pb_use_builder":"on","_et_pb_old_content":"","_et_gb_content_width":"","footnotes":""},"class_list":["post-34","page","type-page","status-publish","hentry"],"_links":{"self":[{"href":"https:\/\/cmd-kieler-konzept.de\/en\/wp-json\/wp\/v2\/pages\/34","targetHints":{"allow":["GET"]}}],"collection":[{"href":"https:\/\/cmd-kieler-konzept.de\/en\/wp-json\/wp\/v2\/pages"}],"about":[{"href":"https:\/\/cmd-kieler-konzept.de\/en\/wp-json\/wp\/v2\/types\/page"}],"author":[{"embeddable":true,"href":"https:\/\/cmd-kieler-konzept.de\/en\/wp-json\/wp\/v2\/users\/1"}],"replies":[{"embeddable":true,"href":"https:\/\/cmd-kieler-konzept.de\/en\/wp-json\/wp\/v2\/comments?post=34"}],"version-history":[{"count":2,"href":"https:\/\/cmd-kieler-konzept.de\/en\/wp-json\/wp\/v2\/pages\/34\/revisions"}],"predecessor-version":[{"id":340,"href":"https:\/\/cmd-kieler-konzept.de\/en\/wp-json\/wp\/v2\/pages\/34\/revisions\/340"}],"wp:attachment":[{"href":"https:\/\/cmd-kieler-konzept.de\/en\/wp-json\/wp\/v2\/media?parent=34"}],"curies":[{"name":"wp","href":"https:\/\/api.w.org\/{rel}","templated":true}]}}