{"id":32,"date":"2023-07-11T11:10:07","date_gmt":"2023-07-11T09:10:07","guid":{"rendered":"http:\/\/cmd-kieler-konzept.de\/?page_id=32"},"modified":"2024-11-15T12:02:41","modified_gmt":"2024-11-15T11:02:41","slug":"kurs-informationen","status":"publish","type":"page","link":"https:\/\/cmd-kieler-konzept.de\/en\/kurs-informationen\/","title":{"rendered":"Kurs Informationen"},"content":{"rendered":"<p>[et_pb_section fb_built=&#8221;1&#8243; _builder_version=&#8221;4.18.1&#8243; _module_preset=&#8221;default&#8221; top_divider_style=&#8221;wave2&#8243; top_divider_color=&#8221;#6ba0ce&#8221; bottom_divider_style=&#8221;wave2&#8243; bottom_divider_color=&#8221;#6ba0ce&#8221; global_colors_info=&#8221;{}&#8221;][et_pb_row column_structure=&#8221;1_2,1_2&#8243; _builder_version=&#8221;4.18.1&#8243; _module_preset=&#8221;default&#8221; global_colors_info=&#8221;{}&#8221;][et_pb_column type=&#8221;1_2&#8243; _builder_version=&#8221;4.18.1&#8243; _module_preset=&#8221;default&#8221; global_colors_info=&#8221;{}&#8221;][et_pb_blurb title=&#8221;Die Kosten:&#8221; use_icon=&#8221;on&#8221; font_icon=&#8221;&#x52;||divi||400&#8243; icon_color=&#8221;#6ba0ce&#8221; _builder_version=&#8221;4.27.3&#8243; _module_preset=&#8221;default&#8221; title_en_us=&#8221;The costs:&#8221; content_en_us=&#8221;The costs need to be discussed.<br \/>\n&#8221; global_colors_info=&#8221;{}&#8221;]<\/p>\n<p>Die Teilnahmegeb\u00fchr f\u00fcr Connectibook CMD CB1 bis CB3 betr\u00e4gt:<br \/>&#8211; Volltarif \u20ac 5.700,00 in 3 Raten zu \u20ac 1.900,00 *<br \/>&#8211; Studententarif \u20ac 3.900,00 in 3 Raten zu \u20ac 1.300,00 *<br \/>&#8211; Pr\u00fcfungsgeb\u00fchr \u20ac 150,00<br \/>*bei Freischaltung des entsprechenden Connectibooks CMD CB1 bis CB3 im zeitlichen Abstand von je 1 Monat.<\/p>\n<p>[\/et_pb_blurb][\/et_pb_column][et_pb_column type=&#8221;1_2&#8243; _builder_version=&#8221;4.18.1&#8243; _module_preset=&#8221;default&#8221; global_colors_info=&#8221;{}&#8221;][et_pb_blurb title=&#8221;Die Fortbildungspunkte:&#8221; use_icon=&#8221;on&#8221; font_icon=&#8221;&#x52;||divi||400&#8243; icon_color=&#8221;#6ba0ce&#8221; _builder_version=&#8221;4.27.3&#8243; _module_preset=&#8221;default&#8221; title_en_us=&#8221;The training points:&#8221; content_en_us=&#8221;For participation in the distance learning course, the following will be credited:<br \/>\n&#8211; for Connectibook CMD 1 (CB1) 30 training points<br \/>\n&#8211; for Connectibook CMD 2 (CB2) 30 training points<br \/>\n&#8211; for Connectibook CMD 3 (CB3) 35 training points<br \/>\n&#8221; global_colors_info=&#8221;{}&#8221;]<\/p>\n<p>Bei Teilnahme am Fernlehrgang werden gutgeschrieben:<br \/>&#8211; f\u00fcr Connectibook CMD 1 (CB1) 30 Fortbildungspunkte<br \/>&#8211; f\u00fcr Connectibook CMD 2 (CB2) 30 Fortbildungspunkte<br \/>&#8211; f\u00fcr Connectibook CMD 3 (CB3) 35 Fortbildungspunkte<\/p>\n<p>[\/et_pb_blurb][\/et_pb_column][\/et_pb_row][et_pb_row _builder_version=&#8221;4.18.1&#8243; _module_preset=&#8221;default&#8221; global_colors_info=&#8221;{}&#8221;][et_pb_column type=&#8221;4_4&#8243; _builder_version=&#8221;4.18.1&#8243; _module_preset=&#8221;default&#8221; global_colors_info=&#8221;{}&#8221;][et_pb_divider color=&#8221;#6ba0ce&#8221; _builder_version=&#8221;4.18.1&#8243; _module_preset=&#8221;default&#8221; global_colors_info=&#8221;{}&#8221;][\/et_pb_divider][\/et_pb_column][\/et_pb_row][et_pb_row column_structure=&#8221;1_2,1_2&#8243; _builder_version=&#8221;4.18.1&#8243; _module_preset=&#8221;default&#8221; global_colors_info=&#8221;{}&#8221;][et_pb_column type=&#8221;1_2&#8243; _builder_version=&#8221;4.18.1&#8243; _module_preset=&#8221;default&#8221; global_colors_info=&#8221;{}&#8221;][et_pb_blurb title=&#8221;Online-Konferenz mit dem Lehrk\u00f6rper:&#8221; use_icon=&#8221;on&#8221; font_icon=&#8221;&#x52;||divi||400&#8243; icon_color=&#8221;#6ba0ce&#8221; _builder_version=&#8221;4.27.3&#8243; _module_preset=&#8221;default&#8221; title_en_us=&#8221;Virtual conference with faculty:&#8221; content_en_us=&#8221;Once a month, participants can take advantage of the following free of charge, if they wish:<br \/>\n&#8211; an online conference with the course management (approx. 60 min.), appointments will take into account your preferences if possible<br \/>\n&#8211; in the presence of an osteopath\/manual therapist if required<br \/>\n&#8211; with the rest of the teaching staff by email&#8221; global_colors_info=&#8221;{}&#8221;]<\/p>\n<p>Den Teilnehmern steht auf Wunsch einmal im Monat kostenfrei zur Verf\u00fcgung:<br \/>&#8211; eine online-Konferenz mit der Lehrgangsleitung (ca. 60 min.), Terminvereinbarung ber\u00fccksichtigt, wenn m\u00f6glich, Ihre W\u00fcnsche<br \/>&#8211; bei Bedarf in Anwesenheit eines Osteopathen \/ Manualtherapeuten<br \/>&#8211; mit dem \u00fcbrigen Lehrk\u00f6rper per email<\/p>\n<p>[\/et_pb_blurb][\/et_pb_column][et_pb_column type=&#8221;1_2&#8243; _builder_version=&#8221;4.18.1&#8243; _module_preset=&#8221;default&#8221; global_colors_info=&#8221;{}&#8221;][et_pb_blurb title=&#8221;Weiterf\u00fchrende Praxisseminare:&#8221; use_icon=&#8221;on&#8221; font_icon=&#8221;&#x52;||divi||400&#8243; icon_color=&#8221;#6ba0ce&#8221; _builder_version=&#8221;4.27.3&#8243; _module_preset=&#8221;default&#8221; title_en_us=&#8221;Further practical seminars:&#8221; content_en_us=&#8221;Practical seminars are offered for graduates of the distance learning course:<br \/>\n&#8211; splint therapy<br \/>\n&#8211; temporomandibular joint function analysis<br \/>\n&#8211; manual therapy \/ osteopathy for CMD&#8221; global_colors_info=&#8221;{}&#8221;]<\/p>\n<p>F\u00fcr Absolventen des Fernlehrganges werden Praxisseminare angeboten:<br \/>&#8211; Schienentherapie<br \/>&#8211; Kiefergelenks-Funktionsanalyse<br \/>&#8211; Manualherapie \/ Osteopathie bei CMD<\/p>\n<p>[\/et_pb_blurb][\/et_pb_column][\/et_pb_row][et_pb_row _builder_version=&#8221;4.18.1&#8243; _module_preset=&#8221;default&#8221; global_colors_info=&#8221;{}&#8221;][et_pb_column type=&#8221;4_4&#8243; _builder_version=&#8221;4.18.1&#8243; _module_preset=&#8221;default&#8221; global_colors_info=&#8221;{}&#8221;][et_pb_divider color=&#8221;#6ba0ce&#8221; _builder_version=&#8221;4.18.1&#8243; _module_preset=&#8221;default&#8221; global_colors_info=&#8221;{}&#8221;][\/et_pb_divider][\/et_pb_column][\/et_pb_row][et_pb_row column_structure=&#8221;1_2,1_2&#8243; _builder_version=&#8221;4.18.1&#8243; _module_preset=&#8221;default&#8221; global_colors_info=&#8221;{}&#8221;][et_pb_column type=&#8221;1_2&#8243; _builder_version=&#8221;4.18.1&#8243; _module_preset=&#8221;default&#8221; global_colors_info=&#8221;{}&#8221;][et_pb_blurb title=&#8221;Zum Erlernen der Therapie werden:&#8221; use_icon=&#8221;on&#8221; font_icon=&#8221;&#x52;||divi||400&#8243; icon_color=&#8221;#6ba0ce&#8221; _builder_version=&#8221;4.27.3&#8243; _module_preset=&#8221;default&#8221; title_en_us=&#8221;To learn the therapy, you will need:&#8221; content_en_us=&#8221;- the therapy path based on the diagnostic therapy is presented<br \/>\n&#8211; treatment procedures are followed with the help of typical patient examples<br \/>\n&#8211; the control of the therapy according to the methodology of the CMD-Kieler-Konzept dgT is trained<br \/>\n  interactively&#8221; global_colors_info=&#8221;{}&#8221;]<\/p>\n<p>&#8211; der Therapiepfad auf der Grundlage der diagnostischen Therapie dargestellt<br \/>&#8211; Behandlungsabl\u00e4ufe anhand von typischen Patientenbeispielen mitverfolgt<br \/>&#8211; die Steuerung der Therapie nach der Methodik des CMD-Kieler-Konzeptes dgT interaktiv trainiert<\/p>\n<p>[\/et_pb_blurb][\/et_pb_column][et_pb_column type=&#8221;1_2&#8243; _builder_version=&#8221;4.18.1&#8243; _module_preset=&#8221;default&#8221; global_colors_info=&#8221;{}&#8221;][\/et_pb_column][\/et_pb_row][et_pb_row _builder_version=&#8221;4.18.1&#8243; _module_preset=&#8221;default&#8221; global_colors_info=&#8221;{}&#8221;][et_pb_column type=&#8221;4_4&#8243; _builder_version=&#8221;4.18.1&#8243; _module_preset=&#8221;default&#8221; global_colors_info=&#8221;{}&#8221;][et_pb_divider color=&#8221;#6ba0ce&#8221; _builder_version=&#8221;4.18.1&#8243; _module_preset=&#8221;default&#8221; global_colors_info=&#8221;{}&#8221;][\/et_pb_divider][\/et_pb_column][\/et_pb_row][et_pb_row _builder_version=&#8221;4.27.3&#8243; _module_preset=&#8221;default&#8221; global_colors_info=&#8221;{}&#8221; module_id=&#8221;Lehrkoerper&#8221; module_class=&#8221;lehrkoerper&#8221;][et_pb_column type=&#8221;4_4&#8243; _builder_version=&#8221;4.18.1&#8243; _module_preset=&#8221;default&#8221; global_colors_info=&#8221;{}&#8221;][et_pb_blurb title=&#8221;Der Lehrk\u00f6rper&#8221; use_icon=&#8221;on&#8221; _builder_version=&#8221;4.27.3&#8243; _module_preset=&#8221;default&#8221; hover_enabled=&#8221;0&#8243; title_en_us=&#8221;The teaching staff&#8221; content_en_us=&#8221;Prof. Dr. Helge Fischer-Brandies<br \/>\nSpecialist in Orthodontics<br \/>\nuntil 30.09.2021 Director of the Clinic for Orthodontics, University Medical Center Schleswig-Holstein, Campus Kiel<\/p>\n<p>Dr. Marc Asche<br \/>\nDO MSc Ost, Master of Science in Osteopathy<br \/>\nDPO MSc Paed Ost (UK) \/ Osteopath and Paediatric Osteopath<br \/>\nOsteopathie Holtenau, Kiel<\/p>\n<p>Prof. Dr. med. Ralf Baron<br \/>\nHead of the Section for Neurological Pain Research and Therapy<br \/>\nUniversity Hospital S-H, Campus Kiel<\/p>\n<p>Dr. med. Martin Gleim<br \/>\nSenior Physician at the Clinic for Anaesthesiology and Operative Intensive Care Medicine<br \/>\nMedical Director of the Pain Outpatient Clinic<br \/>\nUniversity Hospital S-H, Campus Kiel<\/p>\n<p>Dr. med. Johannes Hezel<br \/>\nSpecialist in Radiology<br \/>\nMedical Care Center Pr\u00fcner Gang, Kiel<\/p>\n<p>Prof. Dr. Matthias Kern<br \/>\nDirector of the Clinic for Dental Prosthetics, Propaedeutics and Materials Science<br \/>\nUniversity Hospital S-H, Campus Kiel<\/p>\n<p>Prof. Dr. Aglaja Valentina Stirn<br \/>\nHead of the Institute for Sexual Medicine and Forensic Psychiatry and Psychotherapy<br \/>\nZIP Kiel S-H, Campus Kiel<\/p>\n<p>Marion Carolin T\u00e4nzer<br \/>\nosteopath, physiotherapist and alternative practitioner<br \/>\nosteopathy practice in Tutzing<\/p>\n<p>Prof. Dr. Dr. J\u00f6rg Wiltfang<br \/>\nDirector of the Clinic for Oral and Maxillofacial Surgery, Plastic Surgery<br \/>\nUniversity Hospital Schleswig-Holstein, Campus Kiel<\/p>\n<p>Christian Wunderlich<br \/>\ncertified manual therapist OMT<br \/>\nPraxis Wunderlich Physiotherapy Kiel&#8221; global_colors_info=&#8221;{}&#8221; sticky_enabled=&#8221;0&#8243;]<\/p>\n<p>Prof. Dr. Helge Fischer-Brandies<br \/>Fachzahnarzt f\u00fcr Kieferorthop\u00e4die<br \/>bis zum 30.09.2021 Direktor der Klinik f\u00fcr Kieferorthop\u00e4die, Universit\u00e4tsklinikum S-H, Campus Kiel<\/p>\n<p>Dr. Marc Asche<br \/>DO MSc Ost, Master of Science in Osteopathy<br \/>DPO MSc Paed Ost (UK) \/ Osteopath und Kinderosteopath<br \/>Osteopathie Holtenau, Kiel<\/p>\n<p>Prof. Dr. med. Ralf Baron<br \/>Leitung Sektion Neurologische Schmerzforschung und -therapie<br \/>Universit\u00e4tsklinikum S-H, Campus Kiel<\/p>\n<p>Dr. med. Martin Gleim<br \/>Oberarzt der Klinik f\u00fcr An\u00e4sthesiologie und Operative Intensivmedzin<br \/>medizinische Leitung der Schmerzambulanz<br \/>Universit\u00e4tsklinikum S-H, Campus Kiel<\/p>\n<p>Dr. med. Johannes Hezel<br \/>Facharzt f\u00fcr Radiologie<br \/>Medizinisches Versorgungszentrum Pr\u00fcner Gang, Kiel<\/p>\n<p>Prof. Dr. Matthias Kern<br \/>Direktor der Klinik f\u00fcr Zahn\u00e4rztliche Prothetik, Prop\u00e4deutik und Werkstoffkunde<br \/>Universit\u00e4tsklinikum S-H, Campus Kiel<\/p>\n<p>Prof. Dr. Aglaja Valentina Stirn<br \/>Leitung des Instituts f\u00fcr Sexualmedizin und Forensische Psychiatrie und Psychotherapie<br \/>ZIP Kiel S-H, Campus Kiel<\/p>\n<p>Marion Carolin T\u00e4nzer<br \/>Osteopathin, Physiotherapeutin und Heilpraktikerin<br \/>Osteopathie Praxis in Tutzing<\/p>\n<p>Prof. Dr. Dr. J\u00f6rg Wiltfang<br \/>Direktor der Klinik f\u00fcr Mund-, Kiefer- und Gesichtschirurgie, plastische Operationen<br \/>Universit\u00e4tsklinikum S-H, Campus Kiel<\/p>\n<p>Christian Wunderlich<br \/>zertifizierter Manualtherapeut OMT<br \/>Praxis Wunderlich Physiotherapie Kiel<\/p>\n<p>[\/et_pb_blurb][\/et_pb_column][\/et_pb_row][\/et_pb_section]<\/p>\n","protected":false},"excerpt":{"rendered":"<p>Die Teilnahmegeb\u00fchr f\u00fcr Connectibook CMD CB1 bis CB3 betr\u00e4gt:- Volltarif \u20ac 5.700,00 in 3 Raten zu \u20ac 1.900,00 *- Studententarif \u20ac 3.900,00 in 3 Raten zu \u20ac 1.300,00 *- Pr\u00fcfungsgeb\u00fchr \u20ac 150,00*bei Freischaltung des entsprechenden Connectibooks CMD CB1 bis CB3 im zeitlichen Abstand von je 1 Monat.Bei Teilnahme am Fernlehrgang werden gutgeschrieben:- f\u00fcr Connectibook CMD [&hellip;]<\/p>\n","protected":false},"author":1,"featured_media":0,"parent":0,"menu_order":0,"comment_status":"closed","ping_status":"closed","template":"","meta":{"_et_pb_use_builder":"on","_et_pb_old_content":"","_et_gb_content_width":"","footnotes":""},"class_list":["post-32","page","type-page","status-publish","hentry"],"_links":{"self":[{"href":"https:\/\/cmd-kieler-konzept.de\/en\/wp-json\/wp\/v2\/pages\/32","targetHints":{"allow":["GET"]}}],"collection":[{"href":"https:\/\/cmd-kieler-konzept.de\/en\/wp-json\/wp\/v2\/pages"}],"about":[{"href":"https:\/\/cmd-kieler-konzept.de\/en\/wp-json\/wp\/v2\/types\/page"}],"author":[{"embeddable":true,"href":"https:\/\/cmd-kieler-konzept.de\/en\/wp-json\/wp\/v2\/users\/1"}],"replies":[{"embeddable":true,"href":"https:\/\/cmd-kieler-konzept.de\/en\/wp-json\/wp\/v2\/comments?post=32"}],"version-history":[{"count":5,"href":"https:\/\/cmd-kieler-konzept.de\/en\/wp-json\/wp\/v2\/pages\/32\/revisions"}],"predecessor-version":[{"id":342,"href":"https:\/\/cmd-kieler-konzept.de\/en\/wp-json\/wp\/v2\/pages\/32\/revisions\/342"}],"wp:attachment":[{"href":"https:\/\/cmd-kieler-konzept.de\/en\/wp-json\/wp\/v2\/media?parent=32"}],"curies":[{"name":"wp","href":"https:\/\/api.w.org\/{rel}","templated":true}]}}