{"id":28,"date":"2023-07-11T11:09:33","date_gmt":"2023-07-11T09:09:33","guid":{"rendered":"http:\/\/cmd-kieler-konzept.de\/?page_id=28"},"modified":"2024-11-15T11:26:32","modified_gmt":"2024-11-15T10:26:32","slug":"lerninhalte","status":"publish","type":"page","link":"https:\/\/cmd-kieler-konzept.de\/en\/lerninhalte\/","title":{"rendered":"Lerninhalte"},"content":{"rendered":"<p>[et_pb_section fb_built=&#8221;1&#8243; _builder_version=&#8221;4.18.1&#8243; _module_preset=&#8221;default&#8221; top_divider_style=&#8221;wave2&#8243; top_divider_color=&#8221;#6ba0ce&#8221; bottom_divider_style=&#8221;wave2&#8243; bottom_divider_color=&#8221;#6ba0ce&#8221; global_colors_info=&#8221;{}&#8221;][et_pb_row _builder_version=&#8221;4.18.1&#8243; _module_preset=&#8221;default&#8221; global_colors_info=&#8221;{}&#8221;][et_pb_column type=&#8221;4_4&#8243; _builder_version=&#8221;4.18.1&#8243; _module_preset=&#8221;default&#8221; global_colors_info=&#8221;{}&#8221;][et_pb_text _builder_version=&#8221;4.27.3&#8243; _module_preset=&#8221;default&#8221; text_font=&#8221;||||||||&#8221; content_en_us=&#8221;<strong> <\/strong><\/p>\n<h3><strong>Chapter Connectibook CMD 1 (CB1)<\/strong><\/h3>\n<h3><\/h3>\n<p><strong>CB1:2. Classification of craniomandibular dysfunction (CMD) <\/strong>(Mrs. M. C. T\u00e4nzer)<br \/>\n<strong>CB1:3. Anatomy of the temporomandibular joint, skull base, cervical region<\/strong> (Ms. M. C. T\u00e4nzer<strong>)<\/strong><br \/>\n<strong>CB1:4. Craniofacial pain<\/strong><br \/>\n4.1. Pain pathophysiology and differential diagnosis of headache and facial pain (Prof. Dr. R. Baron)<br \/>\n4.2. Pain Therapy (Dr. M. Gleim)<br \/>\n4.3. Psychosomatic Therapy for CMD (Prof. Dr. A. Stirn)<br \/>\n<strong>CB1:5. Clinical Diagnostics<\/strong><br \/>\n5.1. Case History (Prof. Dr. H. Fischer-Brandies, Dr. M. Asche)<br \/>\n5.2. Occlusion analysis (Prof. Dr. H. Fischer-Brandies)<br \/>\n5.3. Temporomandibular joint function analysis (Prof. Dr. H. Fischer-Brandies)<br \/>\n5.4. Clinical examination of the neuro- and viscerocranium (Ms. M. C. T\u00e4nzer)<br \/>\n5.5. Structural damage to the temporomandibular joints (Prof. Dr. H. Fischer-Brandies)<br \/>\n<strong>CB1:6. Magnetic Resonance Tomography of the Temporomandibular Joint (MR-KG)<\/strong><br \/>\n6.1. MR of the temporomandibular joint (Dr. med. J. Hezel)<br \/>\n6.2. Training MR-KG findings (Prof. Dr. Fischer-Brandies)<br \/>\n<strong>CB1:7. Performance assessment CB1<\/strong><\/p>\n<p>Time allowed: 2 months<br \/>\nStudy time: 38 hours<br \/>\n&#8221; global_colors_info=&#8221;{}&#8221;]<\/p>\n<p><strong>\u00a0<\/strong><\/p>\n<h3><strong>Kapitel Connectibook CMD 1 (CB1)<\/strong><\/h3>\n<h3><\/h3>\n<p><strong>CB1:2. Klassifikation craniomandibul\u00e4re Dysfunktion (CMD) <\/strong>(Fr. M. C. T\u00e4nzer)<br \/><strong>CB1:3. Anatomie Kiefergelenk, Sch\u00e4delbasis, Zervikalregion<\/strong> (Fr. M. C. T\u00e4nzer<strong>)<\/strong><br \/><strong>CB1:4. Kraniofazialer Schmerz<\/strong><br \/>4.1. Schmerzpathophysiologische Grundlagen und Differentialdiagnosen des Kopf- und Gesichtsschmerzes (Prof. Dr. R. Baron)<br \/>4.2. Schmerztherapie (Dr. M. Gleim)<br \/>4.3. Psychosomatische Therapie bei CMD (Prof. Dr. A. Stirn)<br \/><strong>CB1:5. Klinische Diagnostik<\/strong><br \/>5.1. Anamnese (Prof. Dr. H. Fischer-Brandies, Dr. M. Asche)<br \/>5.2. Okklusionsanalyse (Prof. Dr. H. Fischer-Brandies)<br \/>5.3. Kiefergelenksfunktionsanalyse (Prof. Dr. H. Fischer-Brandies)<br \/>5.4. Klinische Untersuchung des Neuro- und Viszerocran\u00edums (Fr. M. C. T\u00e4nzer)<br \/>5.5. Struktureller Schaden der Kiefergelenke (Prof. Dr. H. Fischer-Brandies)<br \/><strong>CB1:6. Magnetresonanztomographie Kiefergelenk (MR-KG)<\/strong><br \/>6.1. MR Kiefergelenk (Dr. med. J. Hezel)<br \/>6.2. Training MR-KG Befund (Prof. Dr. Fischer-Brandies)<br \/><strong>CB1:7. Leistungskontrolle CB1<\/strong><\/p>\n<p>Bearbeitungszeit: 2 Monate<br \/>Lerndauer: 38 Stunden<\/p>\n<p>[\/et_pb_text][\/et_pb_column][\/et_pb_row][et_pb_row _builder_version=&#8221;4.18.1&#8243; _module_preset=&#8221;default&#8221; global_colors_info=&#8221;{}&#8221;][et_pb_column type=&#8221;4_4&#8243; _builder_version=&#8221;4.18.1&#8243; _module_preset=&#8221;default&#8221; global_colors_info=&#8221;{}&#8221;][et_pb_divider color=&#8221;#6ba0ce&#8221; _builder_version=&#8221;4.18.1&#8243; _module_preset=&#8221;default&#8221; global_colors_info=&#8221;{}&#8221;][\/et_pb_divider][\/et_pb_column][\/et_pb_row][et_pb_row _builder_version=&#8221;4.18.1&#8243; _module_preset=&#8221;default&#8221; global_colors_info=&#8221;{}&#8221;][et_pb_column type=&#8221;4_4&#8243; _builder_version=&#8221;4.18.1&#8243; _module_preset=&#8221;default&#8221; global_colors_info=&#8221;{}&#8221;][et_pb_text _builder_version=&#8221;4.27.3&#8243; _module_preset=&#8221;default&#8221; content_en_us=&#8221;<\/p>\n<h3><strong>Chapter <\/strong><strong>Connectibook CMD 2 (CB2)<\/strong><\/h3>\n<h3><\/h3>\n<p><strong>CB2:1. CMD-Kieler-Concept dgT<\/strong><br \/>\n1.1. Diagnosis and therapy path CMD-Kieler-Concept dgT (Prof. Dr. H. Fischer-Brandies)<br \/>\n1.2. Clinical Reasoning (Mrs. M. C. T\u00e4nzer)<br \/>\n1.3. Chains of Cause and Effect (Dr. M. Asche)<br \/>\n1.4. Digital Documentation (Prof. Dr. H. Fischer-Brandies, Dr. M. Asche Msc.)<br \/>\n<strong>CB2:2. Occlusion and temporomandibular joint<\/strong><br \/>\n2.1. Occlusal interference factor (Prof. Dr. H. Fischer-Brandies)<br \/>\n2.2. Joint-specific treatment goal (Prof. Dr. H. Fischer-Brandies)<br \/>\n2.3. Double bite (Prof. Dr. H. Fischer-Brandies)<br \/>\n2.4. registration splint (Prof. Dr. H. Fischer-Brandies)<br \/>\n<strong>CB2:3. Occlusion and therapy<\/strong><br \/>\n3.1. reconstruction of occlusion in CMD (Prof. Dr. H. Fischer-Brandies)<br \/>\n3.2. Prosthetic reconstruction in CMD (Prof. Dr. M. Kern)<br \/>\n3.3. Orthodontics in CMD (Prof. Dr. H. Fischer-Brandies)<br \/>\n3.4. Orthodontic-maxillofacial surgery in CMD (Prof. Dr. H. Fischer-Brandies)<br \/>\n3.5. Implants in CMD (Prof. Dr. H. Fischer-Brandies)<br \/>\n3.6. Dysgnathic surgery for CMD (Prof. Dr. Dr. J. Wiltfang)<br \/>\n3.7. Operative techniques for CMD with temporomandibular joint pathology Prof. Dr. Dr. J. Wiltfang<br \/>\n<strong>CB2:4. Performance assessment CB2<\/strong><\/p>\n<p>Time allowed for the test: 2 months<br \/>\nTime required for learning: 31 hours<br \/>\n&#8221; global_colors_info=&#8221;{}&#8221;]<\/p>\n<h3><strong>Kapitel <\/strong><strong>Connectibook CMD 2 (CB2)<\/strong><\/h3>\n<h3><\/h3>\n<p><strong>CB2:1. CMD-Kieler-Konzept dgT<\/strong><br \/>1.1. Diagnostik- und Therapiepfad CMD-Kieler-Konzept dgT (Prof. Dr. H. Fischer-Brandies)<br \/>1.2. Clinical Reasoning (Fr. M. C. T\u00e4nzer)<br \/>1.3. Ursache-Folge-Ketten (Dr. M. Asche)<br \/>1.4. Digitale Dokumentation (Prof. Dr. H. Fischer-Brandies, Dr. M. Asche Msc.)<br \/><strong>CB2:2. Okklusion und Kiefergelenk<\/strong><br \/>2.1. Okklusaler St\u00f6rfaktor (Prof. Dr. H. Fischer-Brandies)<br \/>2.2. Gelenkspezifisches Behandlungsziel (Prof. Dr. H. Fischer-Brandies)<br \/>2.3. Doppelbiss (Prof. Dr. H. Fischer-Brandies)<br \/>2.4. Registrat Schiene (Prof. Dr. H. Fischer-Brandies)<br \/><strong>CB2:3. Okklusion und Therapie<\/strong><br \/>3.1. Rekonstruktion der Okklusion bei CMD (Prof. Dr. H. Fischer-Brandies)<br \/>3.2. Prothetische Rekonstruktion bei CMD (Prof. Dr. M. Kern)<br \/>3.3. Kieferorthop\u00e4die bei CMD (Prof. Dr. H. Fischer-Brandies)<br \/>3.4. Kieferorthop\u00e4die-Kieferchirurgie bei CMD (Prof. Dr. H. Fischer-Brandies)<br \/>3.5. Implantate bei CMD (Prof. Dr. H. Fischer-Brandies)<br \/>3.6. Dysgnathie-Chirurgie bei CMD (Prof. Dr. Dr. J. Wiltfang)<br \/>3.7. Operative Techniken bei CMD mit Kiefergelenks-Pathologie Prof. Dr. Dr. J. Wiltfang<br \/><strong>CB2:4. Leistungskontrolle CB2<\/strong><\/p>\n<p>Bearbeitungszeit: 2 Monate<br \/>Lerndauer: 31 Stunden<\/p>\n<p>[\/et_pb_text][\/et_pb_column][\/et_pb_row][et_pb_row _builder_version=&#8221;4.18.1&#8243; _module_preset=&#8221;default&#8221; global_colors_info=&#8221;{}&#8221;][et_pb_column type=&#8221;4_4&#8243; _builder_version=&#8221;4.18.1&#8243; _module_preset=&#8221;default&#8221; global_colors_info=&#8221;{}&#8221;][et_pb_divider color=&#8221;#6ba0ce&#8221; _builder_version=&#8221;4.18.1&#8243; _module_preset=&#8221;default&#8221; global_colors_info=&#8221;{}&#8221;][\/et_pb_divider][\/et_pb_column][\/et_pb_row][et_pb_row _builder_version=&#8221;4.18.1&#8243; _module_preset=&#8221;default&#8221; global_colors_info=&#8221;{}&#8221;][et_pb_column type=&#8221;4_4&#8243; _builder_version=&#8221;4.18.1&#8243; _module_preset=&#8221;default&#8221; global_colors_info=&#8221;{}&#8221;][et_pb_text _builder_version=&#8221;4.27.3&#8243; _module_preset=&#8221;default&#8221; hover_enabled=&#8221;0&#8243; content_en_us=&#8221;<\/p>\n<h3><strong>Chapter <\/strong><strong>Connectibook CMD 3 (CB3)<\/strong><\/h3>\n<h3><\/h3>\n<p><strong>CB3:1. Training Planning and Control of Therapy<\/strong>(Prof. Dr. H. Fischer-Brandies, Dr. M. Asche, Ch. Wunderlich)<br \/>\n<strong>Cb3.2: Case presentations<\/strong> (Prof. Dr. H. Fischer-Brandies, Dr. M. Asche., Ch. Wunderlich)<br \/>\n<strong>CB3:3. Performance review CB3<\/strong><br \/>\n<strong>CB3:4. Final exam<\/strong><br \/>\n<strong>CB3:5. Glossary <\/strong><\/p>\n<p>Time allowed: 5 months<br \/>\nLearning duration: 180 hours<strong><br \/>\n<\/strong><\/p>\n<p>&nbsp;<br \/>\n&#8221; global_colors_info=&#8221;{}&#8221; sticky_enabled=&#8221;0&#8243;]<\/p>\n<h3><strong>Kapitel <\/strong><strong>Connectibook CMD 3 (CB3)<\/strong><\/h3>\n<h3><\/h3>\n<p><strong>CB3:1. Training Planung und Steuerung der Therapie<\/strong> (Prof. Dr. H. Fischer-Brandies, Dr. M. Asche, Ch. Wunderlich)<br \/><strong>Cb3.2: Fallvorstellungen<\/strong> (Prof. Dr. H. Fischer-Brandies, Dr. M. Asche., Ch. Wunderlich)<br \/><strong>CB3:3. Leistungskontrolle CB3<\/strong><br \/><strong>CB3:4. Abschlussklausur<\/strong><br \/><strong>CB3:5. Glossar <\/strong><\/p>\n<p>Bearbeitungszeit: 5 Monate<br \/>Lerndauer: 180 Stunden<strong><br \/><\/strong><\/p>\n<p>&nbsp;<\/p>\n<p>[\/et_pb_text][\/et_pb_column][\/et_pb_row][\/et_pb_section]<\/p>\n","protected":false},"excerpt":{"rendered":"<p>\u00a0 Kapitel Connectibook CMD 1 (CB1) CB1:2. Klassifikation craniomandibul\u00e4re Dysfunktion (CMD) (Fr. M. C. T\u00e4nzer)CB1:3. Anatomie Kiefergelenk, Sch\u00e4delbasis, Zervikalregion (Fr. M. C. T\u00e4nzer)CB1:4. Kraniofazialer Schmerz4.1. Schmerzpathophysiologische Grundlagen und Differentialdiagnosen des Kopf- und Gesichtsschmerzes (Prof. Dr. R. Baron)4.2. Schmerztherapie (Dr. M. Gleim)4.3. Psychosomatische Therapie bei CMD (Prof. Dr. A. Stirn)CB1:5. Klinische Diagnostik5.1. Anamnese (Prof. Dr. H. [&hellip;]<\/p>\n","protected":false},"author":1,"featured_media":0,"parent":0,"menu_order":0,"comment_status":"closed","ping_status":"closed","template":"","meta":{"_et_pb_use_builder":"on","_et_pb_old_content":"","_et_gb_content_width":"","footnotes":""},"class_list":["post-28","page","type-page","status-publish","hentry"],"_links":{"self":[{"href":"https:\/\/cmd-kieler-konzept.de\/en\/wp-json\/wp\/v2\/pages\/28","targetHints":{"allow":["GET"]}}],"collection":[{"href":"https:\/\/cmd-kieler-konzept.de\/en\/wp-json\/wp\/v2\/pages"}],"about":[{"href":"https:\/\/cmd-kieler-konzept.de\/en\/wp-json\/wp\/v2\/types\/page"}],"author":[{"embeddable":true,"href":"https:\/\/cmd-kieler-konzept.de\/en\/wp-json\/wp\/v2\/users\/1"}],"replies":[{"embeddable":true,"href":"https:\/\/cmd-kieler-konzept.de\/en\/wp-json\/wp\/v2\/comments?post=28"}],"version-history":[{"count":2,"href":"https:\/\/cmd-kieler-konzept.de\/en\/wp-json\/wp\/v2\/pages\/28\/revisions"}],"predecessor-version":[{"id":330,"href":"https:\/\/cmd-kieler-konzept.de\/en\/wp-json\/wp\/v2\/pages\/28\/revisions\/330"}],"wp:attachment":[{"href":"https:\/\/cmd-kieler-konzept.de\/en\/wp-json\/wp\/v2\/media?parent=28"}],"curies":[{"name":"wp","href":"https:\/\/api.w.org\/{rel}","templated":true}]}}